{"id":5,"date":"2023-03-23T16:01:31","date_gmt":"2023-03-23T16:01:31","guid":{"rendered":"https:\/\/walking-emotions.de\/?page_id=5"},"modified":"2025-04-15T09:43:06","modified_gmt":"2025-04-15T09:43:06","slug":"willkommen-auf-https-walking-emotions-de","status":"publish","type":"page","link":"https:\/\/walking-emotions.de\/","title":{"rendered":"Willkommen"},"content":{"rendered":"\n<p>Die Seite befindet sich aktuell im Aufbau bei Fragen wenden Sie sich bitte an 0160 93804001<\/p>\n\n\n\n<p>Vielen Dank!<\/p>\n\n\n\n<p class=\"has-text-align-center\">Bewegung ~ Entspannung ~ Mentaltraining<\/p>\n\n\n\n<p class=\"has-text-align-center\">geh\u00f6ren zusammen wie<\/p>\n\n\n\n<p class=\"has-text-align-center\">K\u00f6rper ~ Geist ~ Seele<\/p>\n\n\n\n<p class=\"has-text-align-center\">Erlernen Sie die Nordic-Walking ALFA-Technik auf ganz besondere Art!<\/p>\n\n\n\n<p class=\"has-text-align-center\">Sp\u00fcren Sie die Ver\u00e4nderung in Ihrem K\u00f6rper.<\/p>\n\n\n\n<p>Mein Ziel und Wunsch ist es Menschen zu motivieren, die gerne wieder mehr Bewegung und Balance in ihr Leben bringen m\u00f6chten. Bewegung durch eine gelenkschonende Art der Nordic Walking ALFA-Technik f\u00fcr jedes Alter, sowie bewegende und abschweifende Momente w\u00e4hrend der Entspannungseinheiten k\u00f6nnen Sie nutzen, um sich selbst wieder zu finden.<\/p>\n\n\n\n<p>Als Ihr ALFA-Coach &#8211; CORA-Coach &#8211; Innenwelt\/R\u00fcckf\u00fchrungs-Coach f\u00fcr Bewegung, Entspannung und Mentaltraining freue ich mich sehr, Sie auf diesem Weg zu begleiten und zu unterst\u00fctzen.<\/p>\n\n\n\n<p>Es w\u00fcrde mir viel bedeuten, Sie durch mein Konzept wieder zu mehr Lebensfreude, oder einfach durch regelm\u00e4\u00dfige sportliche Aktivit\u00e4ten zu mehr Vitalit\u00e4t zu bringen!<\/p>\n\n\n\n<p>Ihre Eva Maria Faistbauer und das Team<\/p>\n\n\n\n<div class=\"wp-block-media-text alignwide is-stacked-on-mobile is-vertically-aligned-top\" style=\"grid-template-columns:15% auto\"><figure class=\"wp-block-media-text__media\"><img decoding=\"async\" loading=\"lazy\" width=\"100\" height=\"54\" src=\"https:\/\/walking-emotions.de\/wp-content\/uploads\/2023\/03\/CoraCoach_Logo-5.jpg\" alt=\"\" class=\"wp-image-331 size-full\"\/><\/figure><div class=\"wp-block-media-text__content\">\n<p>Viel Spa\u00df!<\/p>\n\n\n\n<p><\/p>\n\n\n\n<p><\/p>\n\n\n\n<p><\/p>\n<\/div><\/div>\n\n\n<div class=\"wp-block-image is-style-rounded\">\n<figure class=\"alignleft size-full is-resized\"><img decoding=\"async\" loading=\"lazy\" src=\"https:\/\/walking-emotions.de\/wp-content\/uploads\/2023\/03\/big_32768712-3.jpg\" alt=\"\" class=\"wp-image-398\" width=\"551\" height=\"367\" srcset=\"https:\/\/walking-emotions.de\/wp-content\/uploads\/2023\/03\/big_32768712-3.jpg 800w, https:\/\/walking-emotions.de\/wp-content\/uploads\/2023\/03\/big_32768712-3-300x200.jpg 300w, https:\/\/walking-emotions.de\/wp-content\/uploads\/2023\/03\/big_32768712-3-768x512.jpg 768w, https:\/\/walking-emotions.de\/wp-content\/uploads\/2023\/03\/big_32768712-3-405x270.jpg 405w, https:\/\/walking-emotions.de\/wp-content\/uploads\/2023\/03\/big_32768712-3-600x400.jpg 600w\" sizes=\"(max-width: 551px) 100vw, 551px\" \/><\/figure><\/div>\n\n\n<div class=\"is-layout-constrained wp-block-group\"><div class=\"wp-block-group__inner-container\">\n<figure class=\"is-layout-flex wp-block-gallery-1 wp-block-gallery has-nested-images columns-default is-cropped\">\n<figure class=\"wp-block-image size-full is-style-rounded\"><img decoding=\"async\" loading=\"lazy\" width=\"680\" height=\"510\" src=\"https:\/\/walking-emotions.de\/wp-content\/uploads\/2023\/03\/Sonnenaufgangsmeditation.jpg\" alt=\"\" class=\"wp-image-400\" srcset=\"https:\/\/walking-emotions.de\/wp-content\/uploads\/2023\/03\/Sonnenaufgangsmeditation.jpg 680w, https:\/\/walking-emotions.de\/wp-content\/uploads\/2023\/03\/Sonnenaufgangsmeditation-300x225.jpg 300w, https:\/\/walking-emotions.de\/wp-content\/uploads\/2023\/03\/Sonnenaufgangsmeditation-360x270.jpg 360w, https:\/\/walking-emotions.de\/wp-content\/uploads\/2023\/03\/Sonnenaufgangsmeditation-600x450.jpg 600w\" sizes=\"(max-width: 680px) 100vw, 680px\" \/><\/figure>\n<\/figure>\n<\/div><\/div>\n\n\n\n<p><\/p>\n\n\n\n<p><\/p>\n\n\n\n<p><\/p>\n\n\n\n<p><\/p>\n\n\n\n<p><\/p>\n\n\n\n<p class=\"has-text-align-center\"><mark style=\"background-color:rgba(0, 0, 0, 0)\" class=\"has-inline-color has-vivid-green-cyan-color\"><\/mark><\/p>\n","protected":false},"excerpt":{"rendered":"<p>Die Seite befindet sich aktuell im Aufbau bei Fragen wenden Sie sich bitte an 0160 93804001 Vielen Dank! Bewegung ~ Entspannung ~ Mentaltraining geh\u00f6ren zusammen wie K\u00f6rper ~ Geist ~ Seele Erlernen Sie die Nordic-Walking ALFA-Technik auf ganz besondere Art! Sp\u00fcren Sie die Ver\u00e4nderung in Ihrem K\u00f6rper. Mein Ziel und Wunsch ist es Menschen zu motivieren, die gerne wieder mehr Bewegung und Balance in ihr Leben bringen m\u00f6chten. Bewegung durch eine gelenkschonende Art der Nordic Walking ALFA-Technik f\u00fcr jedes Alter,&#8230;<\/p>\n<p class=\"read-more\"><a class=\"btn btn-default\" href=\"https:\/\/walking-emotions.de\/\">Weiterlesen<span class=\"screen-reader-text\"> Weiterlesen<\/span><\/a><\/p>\n","protected":false},"author":1,"featured_media":0,"parent":0,"menu_order":0,"comment_status":"closed","ping_status":"open","template":"","meta":[],"_links":{"self":[{"href":"https:\/\/walking-emotions.de\/index.php?rest_route=\/wp\/v2\/pages\/5"}],"collection":[{"href":"https:\/\/walking-emotions.de\/index.php?rest_route=\/wp\/v2\/pages"}],"about":[{"href":"https:\/\/walking-emotions.de\/index.php?rest_route=\/wp\/v2\/types\/page"}],"author":[{"embeddable":true,"href":"https:\/\/walking-emotions.de\/index.php?rest_route=\/wp\/v2\/users\/1"}],"replies":[{"embeddable":true,"href":"https:\/\/walking-emotions.de\/index.php?rest_route=%2Fwp%2Fv2%2Fcomments&post=5"}],"version-history":[{"count":26,"href":"https:\/\/walking-emotions.de\/index.php?rest_route=\/wp\/v2\/pages\/5\/revisions"}],"predecessor-version":[{"id":402,"href":"https:\/\/walking-emotions.de\/index.php?rest_route=\/wp\/v2\/pages\/5\/revisions\/402"}],"wp:attachment":[{"href":"https:\/\/walking-emotions.de\/index.php?rest_route=%2Fwp%2Fv2%2Fmedia&parent=5"}],"curies":[{"name":"wp","href":"https:\/\/api.w.org\/{rel}","templated":true}]}}