{"id":462,"date":"2023-04-14T10:01:42","date_gmt":"2023-04-14T10:01:42","guid":{"rendered":"https:\/\/walking-emotions.de\/?page_id=462"},"modified":"2023-04-15T07:47:07","modified_gmt":"2023-04-15T07:47:07","slug":"familienstellen","status":"publish","type":"page","link":"https:\/\/walking-emotions.de\/?page_id=462","title":{"rendered":"Familienstellen"},"content":{"rendered":"\n<figure class=\"wp-block-image size-full is-resized is-style-default\"><img decoding=\"async\" loading=\"lazy\" src=\"https:\/\/walking-emotions.de\/wp-content\/uploads\/2023\/04\/Habidiehre_Seminar.jpg\" alt=\"\" class=\"wp-image-469\" width=\"841\" height=\"631\" srcset=\"https:\/\/walking-emotions.de\/wp-content\/uploads\/2023\/04\/Habidiehre_Seminar.jpg 680w, https:\/\/walking-emotions.de\/wp-content\/uploads\/2023\/04\/Habidiehre_Seminar-300x225.jpg 300w, https:\/\/walking-emotions.de\/wp-content\/uploads\/2023\/04\/Habidiehre_Seminar-360x270.jpg 360w, https:\/\/walking-emotions.de\/wp-content\/uploads\/2023\/04\/Habidiehre_Seminar-600x450.jpg 600w\" sizes=\"(max-width: 841px) 100vw, 841px\" \/><figcaption class=\"wp-element-caption\"><strong>Familienstellen<br>hei\u00dft \u201er\u00fcckw\u00e4rts schauen, um mit Zuversicht kraftvoll nach vorne zu gehen\u201c.<\/strong><br>\u00a0<br>H\u00e4ufig\u00a0leiden wir unter Problemen,\u00a0die unser Wohlbefinden st\u00f6ren oder\u00a0uns sogar krank machen. Zumeist ist uns nicht bewusst, woher diese Schwierigkeiten kommen. Wir suchen im Alltag, im Beruf, beim Partner, in allen unseren Beziehungen. Ungel\u00f6ste Konflikte aus unserer Herkunftsfamilie ziehen wir kaum in Betracht. Doch k\u00f6nnen sie \u00fcber Generationen hinweg in unser heutiges Leben hineinwirken.\u00a0Verstrickungen k\u00f6nnen schwerwiegende Folgen haben und sind oft von au\u00dfen nicht erkennbar. Durch eine Familienaufstellung k\u00f6nnen diese Verstrickungen erkannt und aufgel\u00f6st werden.<br>Wie kann das Funktionieren?<br>Beim \u201esystemischen Aufstellen oder Familienstellen\u201c, k\u00f6nnen Sie Ihr inneres Bild mit Hilfe von Personen aus einer Gruppe von Menschen r\u00e4umlich aufstellen. Dabei wird ausgehend von der <strong>Ist-Situation<\/strong> auf ein L\u00f6sungsbild hingearbeitet. In einem wertsch\u00e4tzenden Erkenntnisprozess k\u00f6nnen so ungen\u00fctzte Ressourcen wie Liebe, Achtung, Vertrauen und Kraft in Fluss kommen. So entsteht ein Bild, das Ihr pers\u00f6nliches Problem deutlich macht. Das k\u00f6nnen Probleme in Ihren Beziehungen oder in der Familie sein.<br>Geht es um ein konkretes Problem, wie Entscheidungen, Krankheiten, Organe, Geld oder beruflichen Erfolg k\u00f6nnen die Themen in einer <strong>Strukturaufstellung\/K\u00f6rperaufstellung<\/strong> gekl\u00e4rt werden. Diese Technik erlaubt die Bearbeitung von ganz individuellen Fragen\u00a0 aber auch von abstrakten Zusammenh\u00e4ngen wie Liebe und Partnerschaft, Geld und Erfolg, Teamverhalten oder \u00c4ngsten im Leben, im Beruf oder der Schule. Nach einigen Umstellungen und Befragungen der Stellvertreter ergibt sich bei jeder Aufstellung ein L\u00f6sungsbild, das Ihnen einen Weg zur Bew\u00e4ltigung Ihres Problems\u00a0 zeigt.<br>Auch teilnehmende Beobachterinnen k\u00f6nnen dabei bereichernde Einsichten und Erfahrungen\u00a0gewinnen.<br>Sie k\u00f6nnen in diesen Seminaren Ihre eigenen Themen aufstellen oder als Darsteller\/Beobachter teilnehmen, um die Arbeit kennen zu lernen.<br>\u00a0<br>\u00a0<br><strong>Die Teilnahme an<\/strong><br><strong>Familien-K\u00f6rper\/Strukturaufstellungen<\/strong><br>\u00a0<br><strong>ist ein tiefes Erlebnis<\/strong><br>\u00a0<br>\u00a0<br><strong>Tagesseminare:<\/strong> 10:00 bis ca. 18:00 Uhr<br><strong>Gruppengr\u00f6\u00dfe: <\/strong>max. 4 Aufstellungen pro Tag<br><strong>Preis:<\/strong> in Starnberg150,-\u20ac Aufstellung eigenes Thema 30,\u20ac-Beobachter\/Darsteller<br>\u00a0\u00a0\u00a0\u00a0\u00a0\u00a0\u00a0\u00a0\u00a0\u00a0 \u00a0<br><br><br>\u00a0<\/figcaption><\/figure>\n\n\n\n<hr class=\"wp-block-separator has-alpha-channel-opacity\"\/>\n\n\n\n<div id=\"bookingKitContainer\" data-e=\"f75d90a5e33859acf9d9d36ae8291ebc\" data-cw=\"7581b92784bd6c9c8a9284ed1dba24ea\"><\/div>\n<script src=\"https:\/\/1b3f5498d417b2eb8805c990a0f496e0.widget.bookingkit.net\/bkscript\/7581b92784bd6c9c8a9284ed1dba24ea\/?e=f75d90a5e33859acf9d9d36ae8291ebc\" async=\"\"><\/script>\n","protected":false},"excerpt":{"rendered":"","protected":false},"author":1,"featured_media":0,"parent":0,"menu_order":0,"comment_status":"closed","ping_status":"closed","template":"","meta":[],"_links":{"self":[{"href":"https:\/\/walking-emotions.de\/index.php?rest_route=\/wp\/v2\/pages\/462"}],"collection":[{"href":"https:\/\/walking-emotions.de\/index.php?rest_route=\/wp\/v2\/pages"}],"about":[{"href":"https:\/\/walking-emotions.de\/index.php?rest_route=\/wp\/v2\/types\/page"}],"author":[{"embeddable":true,"href":"https:\/\/walking-emotions.de\/index.php?rest_route=\/wp\/v2\/users\/1"}],"replies":[{"embeddable":true,"href":"https:\/\/walking-emotions.de\/index.php?rest_route=%2Fwp%2Fv2%2Fcomments&post=462"}],"version-history":[{"count":5,"href":"https:\/\/walking-emotions.de\/index.php?rest_route=\/wp\/v2\/pages\/462\/revisions"}],"predecessor-version":[{"id":474,"href":"https:\/\/walking-emotions.de\/index.php?rest_route=\/wp\/v2\/pages\/462\/revisions\/474"}],"wp:attachment":[{"href":"https:\/\/walking-emotions.de\/index.php?rest_route=%2Fwp%2Fv2%2Fmedia&parent=462"}],"curies":[{"name":"wp","href":"https:\/\/api.w.org\/{rel}","templated":true}]}}