{"id":403,"date":"2023-03-30T09:53:39","date_gmt":"2023-03-30T09:53:39","guid":{"rendered":"https:\/\/walking-emotions.de\/?page_id=403"},"modified":"2023-04-14T09:59:39","modified_gmt":"2023-04-14T09:59:39","slug":"reaktivtraining","status":"publish","type":"page","link":"https:\/\/walking-emotions.de\/?page_id=403","title":{"rendered":"Reaktiv-Training"},"content":{"rendered":"\n<h5>Der REAKTOR ist ein neues, einzigartiges Trainingsger\u00e4t, abgestimmt auf die menschliche Anatomie. Unabh\u00e4ngig vom Fitnesszustand&nbsp;lassen sich die Schwunghanteln&nbsp;individuell dosieren und bef\u00fcllen. Der REAKTOR wirkt besonders bei tieferliegender Muskulatur und dem Bindegewebe.<\/h5>\n\n\n\n<p><\/p>\n\n\n\n<p><\/p>\n\n\n\n<figure class=\"is-layout-flex wp-block-gallery-4 wp-block-gallery has-nested-images columns-default is-cropped\">\n<figure class=\"wp-duotone-000000-ffffff-1 wp-block-image size-large is-style-rounded\"><img decoding=\"async\" loading=\"lazy\" width=\"160\" height=\"213\" data-id=\"425\"  src=\"https:\/\/walking-emotions.de\/wp-content\/uploads\/2023\/04\/Reaktiv_Seite-1.jpg\" alt=\"\" class=\"wp-image-425\"\/><\/figure>\n\n\n\n<figure class=\"wp-duotone-7bdcb5-000000-2 wp-block-image size-large is-style-rounded\"><img decoding=\"async\" loading=\"lazy\" width=\"680\" height=\"510\" data-id=\"426\"  src=\"https:\/\/walking-emotions.de\/wp-content\/uploads\/2023\/04\/Reaktiv-Training.jpg\" alt=\"\" class=\"wp-image-426\" srcset=\"https:\/\/walking-emotions.de\/wp-content\/uploads\/2023\/04\/Reaktiv-Training.jpg 680w, https:\/\/walking-emotions.de\/wp-content\/uploads\/2023\/04\/Reaktiv-Training-300x225.jpg 300w, https:\/\/walking-emotions.de\/wp-content\/uploads\/2023\/04\/Reaktiv-Training-360x270.jpg 360w, https:\/\/walking-emotions.de\/wp-content\/uploads\/2023\/04\/Reaktiv-Training-600x450.jpg 600w\" sizes=\"(max-width: 680px) 100vw, 680px\" \/><\/figure>\n\n\n\n<figure class=\"wp-duotone-000000-00d084-3 wp-block-image size-large is-style-rounded\"><a href=\"https:\/\/walking-emotions.de\/wp-content\/uploads\/2023\/04\/Reaktiv-Training-.jpg\"><img decoding=\"async\" loading=\"lazy\" width=\"400\" height=\"300\" data-id=\"424\"  src=\"https:\/\/walking-emotions.de\/wp-content\/uploads\/2023\/04\/Reaktiv-Training-.jpg\" alt=\"\" class=\"wp-image-424\" srcset=\"https:\/\/walking-emotions.de\/wp-content\/uploads\/2023\/04\/Reaktiv-Training-.jpg 400w, https:\/\/walking-emotions.de\/wp-content\/uploads\/2023\/04\/Reaktiv-Training--300x225.jpg 300w, https:\/\/walking-emotions.de\/wp-content\/uploads\/2023\/04\/Reaktiv-Training--360x270.jpg 360w\" sizes=\"(max-width: 400px) 100vw, 400px\" \/><\/a><\/figure>\n<\/figure>\n\n\n\n<p><\/p>\n\n\n\n<p><\/p>\n\n\n\n<h1><u>Funktion: <\/u><\/h1>\n\n\n\n<p><\/p>\n\n\n\n<h5>Eine spezielle Schwungmasse, die durch den nat\u00fcrlichen Armschwung beim Laufen oder den Fitness\u00fcbungen von einer Seite zur anderen geschleudert wird, erzeugt den gew\u00fcnschten verz\u00f6gerten Impuls, den REAKTIV Impus. Die Impuls-Verz\u00f6gerung erfolgt durch den verl\u00e4ngerten Weg der gebogenen Laufbahn, sorgt f\u00fcr den Gelenkschutz und ist je nach F\u00fcllung und Intensit\u00e4t der Ausf\u00fchrung deutlich sp\u00fcr-, sicht &#8211; und h\u00f6rbar.&nbsp;<\/h5>\n\n\n\n<p><strong>Eine Besonderheit ist, dass hier nicht nur einzelen Muskeln trainiert, sondern dreidimensional ganze Muskelketten&nbsp;zum Einsatz kommen.<\/strong><\/p>\n\n\n\n<h5>Hervorrangend geeignet f\u00fcr Zuhause, im Studio, in der Firma, In- oder Outdoor, im Sitzen, im Stehen im Liegen oder&nbsp;beim Gehen. Unz\u00e4hlige \u00dcbungsvarianten sind m\u00f6glich.<\/h5>\n\n\n\n<p><\/p>\n\n\n\n<p><\/p>\n\n\n\n<h1 class=\"has-text-align-center\">POSITIVE Effekte auf den K\u00f6rper<\/h1>\n\n\n\n<div class=\"is-layout-constrained wp-block-group\"><div class=\"wp-block-group__inner-container\">\n<div class=\"is-layout-flex wp-container-19 wp-block-columns\">\n<div class=\"is-layout-flow wp-block-column\" style=\"flex-basis:100%\">\n<div class=\"is-layout-flex wp-container-17 wp-block-columns\">\n<div class=\"is-layout-flow wp-block-column\" style=\"flex-basis:100%\">\n<div class=\"is-layout-flex wp-container-11 wp-block-columns are-vertically-aligned-top\">\n<div class=\"is-layout-flow wp-block-column is-vertically-aligned-top\" style=\"flex-basis:100%\">\n<p class=\"has-text-align-center\"><\/p>\n\n\n\n<div class=\"is-layout-flex wp-container-9 wp-block-columns\">\n<div class=\"is-layout-flow wp-block-column has-medium-font-size\">\n<p class=\"has-text-align-center has-medium-font-size\"><strong><mark style=\"background-color:rgba(0, 0, 0, 0)\" class=\"has-inline-color has-vivid-green-cyan-color\">Herz + Kreislauf<\/mark><\/strong><\/p>\n<\/div>\n\n\n\n<div class=\"is-layout-flow wp-block-column\" style=\"font-size:16px\">\n<p class=\"has-text-align-center has-medium-font-size\"><strong><mark style=\"background-color:rgba(0, 0, 0, 0)\" class=\"has-inline-color has-black-color\">Muskulatur + Bindegewebe<\/mark><\/strong><\/p>\n<\/div>\n\n\n\n<div class=\"is-layout-flow wp-block-column\">\n<p class=\"has-text-align-center has-medium-font-size\"><mark style=\"background-color:rgba(0, 0, 0, 0)\" class=\"has-inline-color has-vivid-green-cyan-color\"><strong>Knochen + Gelenke<\/strong><\/mark><\/p>\n<\/div>\n<\/div>\n<\/div>\n<\/div>\n\n\n\n<div class=\"is-layout-flex wp-container-15 wp-block-columns\" style=\"font-size:16px\">\n<div class=\"is-layout-flow wp-block-column has-light-green-cyan-background-color has-background has-medium-font-size\">\n<p class=\"has-text-align-center\"><sup>h\u00f6herer Energieverbrauch<\/sup><\/p>\n\n\n\n<p class=\"has-text-align-center\"><sup>mehr Kalorienverbrauch<\/sup><\/p>\n\n\n\n<p class=\"has-text-align-center\"><sup>ideales Fatburning-Training<\/sup><\/p>\n\n\n\n<p class=\"has-text-align-center\"><sup>individuell dosierbar<\/sup><\/p>\n\n\n\n<p class=\"has-text-align-left\"><\/p>\n\n\n\n<p class=\"has-text-align-left\"><\/p>\n\n\n\n<p class=\"has-text-align-left\">&nbsp;&nbsp;<\/p>\n<\/div>\n\n\n\n<div class=\"is-layout-flow wp-block-column has-cyan-bluish-gray-background-color has-background has-medium-font-size\">\n<p class=\"has-text-align-center\"><sup>Ganzk\u00f6rpertraining<\/sup><\/p>\n\n\n\n<p class=\"has-text-align-center\"><sup>l\u00f6st Verspannungen <\/sup><\/p>\n\n\n\n<p class=\"has-text-align-center\"><sup>akustische und <\/sup><\/p>\n\n\n\n<p class=\"has-text-align-center\"><sup>sp\u00fcrbare Trainingskontrolle <\/sup><\/p>\n\n\n\n<p class=\"has-text-align-center\"><sup>Tiefenmuskulatur-training <\/sup><\/p>\n\n\n\n<p class=\"has-text-align-center\"><sup>3-dimensional&nbsp;&nbsp;&nbsp; <\/sup>&nbsp;&nbsp;<\/p>\n<\/div>\n\n\n\n<div class=\"is-layout-flow wp-block-column has-light-green-cyan-background-color has-background has-medium-font-size\">\n<p class=\"has-text-align-center has-medium-font-size\"><sup>sch\u00fctzt die Gelenke<\/sup> <\/p>\n\n\n\n<p class=\"has-text-align-center\"><sup>anerkannte&nbsp;Therapie-form <\/sup><\/p>\n\n\n\n<p class=\"has-text-align-center\"><sup>verk\u00fcrzte Regenerationszeit<\/sup><\/p>\n\n\n\n<p class=\"has-text-align-center\"><sup>wirkt pr\u00e4ventiv vor Verletzungen<\/sup><\/p>\n\n\n\n<p><\/p>\n\n\n\n<p><\/p>\n<\/div>\n<\/div>\n<\/div>\n<\/div>\n<\/div>\n<\/div>\n\n\n\n<p>&nbsp;&nbsp;&nbsp;&nbsp;&nbsp;&nbsp;&nbsp;&nbsp;&nbsp;&nbsp;&nbsp;&nbsp;&nbsp;&nbsp;&nbsp;&nbsp;&nbsp;&nbsp;&nbsp;&nbsp;&nbsp;&nbsp;&nbsp;&nbsp;&nbsp;&nbsp;&nbsp;&nbsp;&nbsp;&nbsp;&nbsp;&nbsp;&nbsp;&nbsp;&nbsp;&nbsp;&nbsp;&nbsp;&nbsp;&nbsp;&nbsp;&nbsp;&nbsp;&nbsp;&nbsp;&nbsp;&nbsp;&nbsp;&nbsp;&nbsp;&nbsp;&nbsp;&nbsp;&nbsp;&nbsp;&nbsp;&nbsp;&nbsp;&nbsp;&nbsp;&nbsp;&nbsp;&nbsp;&nbsp;&nbsp;&nbsp;&nbsp;&nbsp;&nbsp;&nbsp;&nbsp;&nbsp;&nbsp;&nbsp;&nbsp;&nbsp;&nbsp;&nbsp;&nbsp;&nbsp;&nbsp;&nbsp;&nbsp;&nbsp;&nbsp;&nbsp;&nbsp;&nbsp;&nbsp;&nbsp;&nbsp;&nbsp;&nbsp;&nbsp;&nbsp;&nbsp;&nbsp;&nbsp;&nbsp;        <\/p>\n\n\n\n<p>Zeitgem\u00e4\u00df trainieren &#8211; d.h. funktionelles 3D Training individuell abgestimmt&nbsp;mit Gelenkschutz und akustischer Trainingskontrolle<\/p>\n<\/div><\/div>\n","protected":false},"excerpt":{"rendered":"<p>Der REAKTOR ist ein neues, einzigartiges Trainingsger\u00e4t, abgestimmt auf die menschliche Anatomie. Unabh\u00e4ngig vom Fitnesszustand&nbsp;lassen sich die Schwunghanteln&nbsp;individuell dosieren und bef\u00fcllen. Der REAKTOR wirkt besonders bei tieferliegender Muskulatur und dem Bindegewebe. Funktion: Eine spezielle Schwungmasse, die durch den nat\u00fcrlichen Armschwung beim Laufen oder den Fitness\u00fcbungen von einer Seite zur anderen geschleudert wird, erzeugt den gew\u00fcnschten verz\u00f6gerten Impuls, den REAKTIV Impus. Die Impuls-Verz\u00f6gerung erfolgt durch den verl\u00e4ngerten Weg der gebogenen Laufbahn, sorgt f\u00fcr den Gelenkschutz und ist je nach F\u00fcllung und&#8230;<\/p>\n<p class=\"read-more\"><a class=\"btn btn-default\" href=\"https:\/\/walking-emotions.de\/?page_id=403\">Weiterlesen<span class=\"screen-reader-text\"> Weiterlesen<\/span><\/a><\/p>\n","protected":false},"author":1,"featured_media":0,"parent":0,"menu_order":0,"comment_status":"closed","ping_status":"closed","template":"","meta":[],"_links":{"self":[{"href":"https:\/\/walking-emotions.de\/index.php?rest_route=\/wp\/v2\/pages\/403"}],"collection":[{"href":"https:\/\/walking-emotions.de\/index.php?rest_route=\/wp\/v2\/pages"}],"about":[{"href":"https:\/\/walking-emotions.de\/index.php?rest_route=\/wp\/v2\/types\/page"}],"author":[{"embeddable":true,"href":"https:\/\/walking-emotions.de\/index.php?rest_route=\/wp\/v2\/users\/1"}],"replies":[{"embeddable":true,"href":"https:\/\/walking-emotions.de\/index.php?rest_route=%2Fwp%2Fv2%2Fcomments&post=403"}],"version-history":[{"count":14,"href":"https:\/\/walking-emotions.de\/index.php?rest_route=\/wp\/v2\/pages\/403\/revisions"}],"predecessor-version":[{"id":461,"href":"https:\/\/walking-emotions.de\/index.php?rest_route=\/wp\/v2\/pages\/403\/revisions\/461"}],"wp:attachment":[{"href":"https:\/\/walking-emotions.de\/index.php?rest_route=%2Fwp%2Fv2%2Fmedia&parent=403"}],"curies":[{"name":"wp","href":"https:\/\/api.w.org\/{rel}","templated":true}]}}