{"id":267,"date":"2023-03-25T09:36:53","date_gmt":"2023-03-25T09:36:53","guid":{"rendered":"https:\/\/walking-emotions.de\/?page_id=267"},"modified":"2023-04-15T07:51:44","modified_gmt":"2023-04-15T07:51:44","slug":"coaching","status":"publish","type":"page","link":"https:\/\/walking-emotions.de\/?page_id=267","title":{"rendered":"Coaching"},"content":{"rendered":"<h2><em>Wann braucht ein Mensch Coaching?<\/em><\/h2>\n<p>Immer dann, wenn in unserem Leben ein Stillstand einkehrt, der gew\u00fcnschte Erfolg ausbleibt, wenn wir ein neues Projekt angehen wollen oder wenn wir unser Leben als anstrengend und ungerecht empfinden.<\/p>\n<p>Coaching ist in erster Linie dann angesagt, wenn die Resultate im Au\u00dfen anders sind, als unsere W\u00fcnsche im Innen.<\/p>\n<p>\u00a0<\/p>\n<p>Gerade bei besonderer Stressbelastung oder als Burnout Intensiv-Pr\u00e4vention bietet sich das Einzelcoaching an, denn hier kann ich individuell auf Sie einwirken und wir gemeinsam den f\u00fcr Sie passenden Weg aus dem Stress heraus finden.<\/p>\n<p>Das systematische Coaching geht den Ursachen f\u00fcr Burn-Out, Beziehungskrise, Krankheit, Unsicherheit, Schicksalsschl\u00e4gen und \u00c4ngsten auf den Grund.<\/p>\n<p>Im Intensivcoaching arbeiten wir mit verschiedenen Methoden an der L\u00f6sung von Blockaden.<\/p>\n<p>Je nach Voraussetzung und W\u00fcnschen wird Ihr Intensiv-Coaching somit zum Erfolgscoaching, Pers\u00f6nlichkeitscoaching, Gesundheitscoaching, zur beruflichen Supervision, zum Paarcoaching oder zur Meditation.<\/p>\n<p>\u00a0<\/p>\n<h1>Einzel-Coaching &#8211; Intensiv-Coaching<\/h1>\n<p>Inhalt des Intensiv-Coachings ist das Einzel-Coaching zur Pers\u00f6nlichkeitsfindung und Mentaltraining. Ich begleite Sie zur Zielfindung und Ziel-Erreichung.<\/p>\n<p>Je nach individuellem Bedarf wird das intensive\u00a0Coaching-gespr\u00e4ch erg\u00e4nzt durch\u00a0Innenweltarbeit, Aktivmeditationen, Energiemassage und\/oder Numerologie.<\/p>\n<p>Selbstverst\u00e4ndlich findet eine entsprechende Vor- und Nachbearbeitungen statt.\u00a0<\/p>\n<p>Weitere Inhalte unseres Intensiv-Coachings:<\/p>\n<ul>\n<li>L\u00f6sungsorientiertes Verhaltenscoaching<\/li>\n<li>Systemische Gesichtspunkte in Coaching und Beratung<\/li>\n<li>Entspannungstechniken<\/li>\n<\/ul>\n<h2>ANTI STRESS COACHING \/ BURNOUT PR\u00c4VENTION<\/h2>\n<p>Gemeinsam wirken wir Stress und Burn-Out entgegen, versetzen Sie mental zu neuer Leistungskraft. Wir definieren gemeinsam Ihre Ziele und ich unterst\u00fctze Sie dabei, diese Ziele direkt anzusteuern. Lernen Sie, wie Sie Grenzen erkennen und mit Fehlschl\u00e4gen umgehen.\u00a0\u00a0<\/p>\n<h6>\u00a0<\/h6>\n<h6>Coaching ist eine pers\u00f6nliche und individuelle Beratung, motiviert, begleitet Menschen und bietet Hilfe zur Selbsthilfe an.<\/h6>\n<p>\u00a0<\/p>\n<p>\u00a0 <strong>Einzelcoachings mit l\u00f6sungs-und zielorientierten Ans\u00e4tzen\u00a0<\/strong><\/p>\n<ul>\n<li>zur <strong>Stressreduzierung<\/strong><\/li>\n<\/ul>\n<ul>\n<li><strong>Zielerreichung<\/strong> im privaten, beruflichen und pers\u00f6nlichen Bereich<\/li>\n<li>Individuelle <strong>Bewegungscoachings<\/strong><\/li>\n<li><strong>Selbstfindung\u00a0<\/strong><\/li>\n<\/ul>\n<p>Durch das Coaching erhalten Sie klarerer Wege zur Erreichung Ihrer Ziele und W\u00fcnsche.<\/p>\n<p>Ihre EVA: \u00a0 \u00a0 \u00a0<strong> E<\/strong>rkennen\u00a0&#8211; <strong>V<\/strong>er\u00e4ndern &#8211; <strong>A<\/strong>nwenden<\/p>\n<p>\u00a0 \u00a0 \u00a0 \u00a0 \u00a0 \u00a0 \u00a0 \u00a0 \u00a0 \u00a0 \u00a0 \u00a0 \u00a0 \u00a0 \u00a0 \u00a0 \u00a0 \u00a0 \u00a0 \u00a0 \u00a0 \u00a0 \u00a0 \u00a0 \u00a0 \u00a0 \u00a0 \u00a0 \u00a0 \u00a0 \u00a0 \u00a0 \u00a0 \u00a0 \u00a0 \u00a0 \u00a0 \u00a0 \u00a0 \u00a0 \u00a0 \u00a0 \u00a0 \u00a0 \u00a0 \u00a0 \u00a0\u00a0<strong>\u00a0\u00a0\u00a0<\/strong><strong>\u00a0 <br \/><\/strong><\/p>\n\n\n<hr class=\"wp-block-separator has-alpha-channel-opacity\"\/>\n\n\n<div id=\"bookingKitContainer\" data-e=\"2ba3eeb06346ff07f4df687085174bbe\" data-cw=\"7581b92784bd6c9c8a9284ed1dba24ea\"><\/div>\n<p><script src=\"https:\/\/1b3f5498d417b2eb8805c990a0f496e0.widget.bookingkit.net\/bkscript\/7581b92784bd6c9c8a9284ed1dba24ea\/?e=2ba3eeb06346ff07f4df687085174bbe\" async=\"\"><\/script><\/p>\n","protected":false},"excerpt":{"rendered":"<p>Wann braucht ein Mensch Coaching? Immer dann, wenn in unserem Leben ein Stillstand einkehrt, der gew\u00fcnschte Erfolg ausbleibt, wenn wir ein neues Projekt angehen wollen oder wenn wir unser Leben als anstrengend und ungerecht empfinden. Coaching ist in erster Linie dann angesagt, wenn die Resultate im Au\u00dfen anders sind, als unsere W\u00fcnsche im Innen. \u00a0 Gerade bei besonderer Stressbelastung oder als Burnout Intensiv-Pr\u00e4vention bietet sich das Einzelcoaching an, denn hier kann ich individuell auf Sie einwirken und wir gemeinsam den&#8230;<\/p>\n<p class=\"read-more\"><a class=\"btn btn-default\" href=\"https:\/\/walking-emotions.de\/?page_id=267\">Weiterlesen<span class=\"screen-reader-text\"> Weiterlesen<\/span><\/a><\/p>\n","protected":false},"author":1,"featured_media":0,"parent":0,"menu_order":0,"comment_status":"closed","ping_status":"closed","template":"","meta":[],"_links":{"self":[{"href":"https:\/\/walking-emotions.de\/index.php?rest_route=\/wp\/v2\/pages\/267"}],"collection":[{"href":"https:\/\/walking-emotions.de\/index.php?rest_route=\/wp\/v2\/pages"}],"about":[{"href":"https:\/\/walking-emotions.de\/index.php?rest_route=\/wp\/v2\/types\/page"}],"author":[{"embeddable":true,"href":"https:\/\/walking-emotions.de\/index.php?rest_route=\/wp\/v2\/users\/1"}],"replies":[{"embeddable":true,"href":"https:\/\/walking-emotions.de\/index.php?rest_route=%2Fwp%2Fv2%2Fcomments&post=267"}],"version-history":[{"count":7,"href":"https:\/\/walking-emotions.de\/index.php?rest_route=\/wp\/v2\/pages\/267\/revisions"}],"predecessor-version":[{"id":477,"href":"https:\/\/walking-emotions.de\/index.php?rest_route=\/wp\/v2\/pages\/267\/revisions\/477"}],"wp:attachment":[{"href":"https:\/\/walking-emotions.de\/index.php?rest_route=%2Fwp%2Fv2%2Fmedia&parent=267"}],"curies":[{"name":"wp","href":"https:\/\/api.w.org\/{rel}","templated":true}]}}